{"id":235,"date":"2024-06-26T14:50:35","date_gmt":"2024-06-26T14:50:35","guid":{"rendered":"https:\/\/aleksanderbrych.com\/?page_id=235"},"modified":"2024-08-25T17:40:36","modified_gmt":"2024-08-25T17:40:36","slug":"regulamin-i-polityka-prywatnosci","status":"publish","type":"page","link":"https:\/\/aleksanderbrych.com\/en\/regulamin-i-polityka-prywatnosci\/","title":{"rendered":"Terms of service and privacy policy"},"content":{"rendered":"<p><b>POLITYKA PRYWATNO\u015aCI I COOKIES<\/b><\/p>\n<p><span style=\"font-weight: 400;\">Niniejsza Polityka prywatno\u015bci i cookies (\u201e<\/span><b>Polityka<\/b><span style=\"font-weight: 400;\">\u201d) zawiera informacje dotycz\u0105ce przetwarzania danych osobowych os\u00f3b korzystaj\u0105cych z us\u0142ug \u015bwiadczonych przez <\/span><span style=\"font-weight: 400;\">Aleksandra Brycha<\/span><span style=\"font-weight: 400;\">\u00a0(\u201e<\/span><b>Administrator<\/b><span style=\"font-weight: 400;\">\u201d) w ramach strony internetowej znajduj\u0105cej si\u0119 pod adresem: aleksanderbrych.com (\u201e<\/span><b>Strona internetowa<\/b><span style=\"font-weight: 400;\">\u201d).<\/span><\/p>\n<p><span style=\"font-weight: 400;\">Korzystanie ze Strony internetowej oznacza akceptacj\u0119 poni\u017cszych warunk\u00f3w Polityki.<\/span><\/p>\n<p><span style=\"font-weight: 400;\">Administrator stosuje odpowiednie zabezpieczenia organizacyjne i techniczne, aby zapewni\u0107 jak najlepsz\u0105 ochron\u0119 Twoich danych osobowych oraz gwarantuje, \u017ce przetwarza je zgodnie z przepisami Rozporz\u0105dzenia Parlamentu Europejskiego i Rady (UE) 2016\/679 z dnia 27 kwietnia 2016 r. w sprawie ochrony os\u00f3b fizycznych w zwi\u0105zku z przetwarzaniem danych osobowych i w sprawie swobodnego przep\u0142ywu takich danych oraz uchylenia dyrektywy 95\/46\/WE (og\u00f3lne rozporz\u0105dzenie o ochronie danych) (\u201eRODO\u201d), ustawy z dnia 10 maja 2018 r. o ochronie danych osobowych oraz innymi przepisami o ochronie danych osobowych.<\/span><\/p>\n<p><b>Kontakt z Administratorem<\/b><\/p>\n<p><span style=\"font-weight: 400;\">Administrator nie powo\u0142a\u0142 Inspektora Ochrony Danych Osobowych (IODO) i wykonuje samodzielnie obowi\u0105zki zwi\u0105zane z przetwarzaniem danych osobowych. We wszystkich sprawach zwi\u0105zanych z przetwarzaniem danych osobowych mo\u017cesz kontaktowa\u0107 si\u0119 z Administratorem drog\u0105 elektroniczn\u0105, wysy\u0142aj\u0105c e-mail pod adres kontakt@aleksanderbrych.com<\/span><\/p>\n<p><b>Informacje o przetwarzanych danych osobowych<\/b><\/p>\n<p><span style=\"font-weight: 400;\">Korzystanie z us\u0142ug \u015bwiadczonych przez Administratora w ramach Strony internetowej wymaga przetwarzania Twoich danych osobowych. Poni\u017cej znajdziesz szczeg\u00f3\u0142owe informacje o celach i podstawach prawnych przetwarzania.<\/span><\/p>\n<p><b><i>Kontakt e-mailowy.<\/i><\/b><span style=\"font-weight: 400;\"> W celu skontaktowania si\u0119 z Administratorem za po\u015brednictwem poczty elektronicznej, w tym r\u00f3wnie\u017c w celu przes\u0142ania zapytania poprzez formularz kontaktowy, niezb\u0119dnie jest przekazanie adresu e-mail. Ponadto, w tre\u015bci wiadomo\u015bci mo\u017cesz zawrze\u0107 r\u00f3wnie\u017c inne dane osobowe. Podanie danych jest dobrowolne, ale niezb\u0119dne, by nawi\u0105za\u0107 kontakt.<\/span><\/p>\n<p><span style=\"font-weight: 400;\">Dane osobowe s\u0105 w tym przypadku przetwarzane w celu umo\u017cliwienia nawi\u0105zania i utrzymania kontaktu, na podstawie Twojej zgody wynikaj\u0105cej z zainicjowania kontaktu (art. 6 ust. 1 lit. a RODO). Podstaw\u0105 prawn\u0105 przetwarzania po zako\u0144czeniu kontaktu jest usprawiedliwiony cel w postaci archiwizacji korespondencji na potrzeby wewn\u0119trzne (art. 6 ust. 1 lit. c RODO).<\/span><\/p>\n<p><b><i>Komentarze.<\/i><\/b><span style=\"font-weight: 400;\"> W celu zamieszczenia komentarza na Stronie internetowej niezb\u0119dne jest podanie adresu e-mail oraz nazwy u\u017cytkownika. Ponadto w tre\u015bci komentarza mo\u017cesz poda\u0107 inne dane osobowe. Podanie danych jest dobrowolne. Podanie adresu e-mail jest obowi\u0105zkowe i s\u0142u\u017cy wy\u0142\u0105cznie w celu wykluczenia spamu lub\/i wy\u015bwietlenia avatara u\u017cytkownika. Nie jest on udost\u0119pniany podmiotom trzecim.<\/span><\/p>\n<p><span style=\"font-weight: 400;\">Dane przekazane podczas dodawania komentarza wykorzystywane s\u0105 w celu opublikowania komentarza na blog, a podstaw\u0105 prawn\u0105 ich przetwarzania jest Twoja zgoda\u00a0 wynikaj\u0105ca z dodania komentarza (art. 6 ust. 1 lit. a RODO).<\/span><\/p>\n<p><span style=\"font-weight: 400;\">Dane b\u0119d\u0105 przetwarzane przez czas funkcjonowania komentarzy na blogu, chyba \u017ce wcze\u015bniej poprosisz o usuni\u0119cie komentarza, co spowoduje usuni\u0119cie Twoich danych z bazy.<\/span><\/p>\n<p><span style=\"font-weight: 400;\">Administrator nie ponosi odpowiedzialno\u015bci za tre\u015b\u0107 komentarzy zamieszczanych przez u\u017cytkownik\u00f3w oraz os\u00f3b wypowiadaj\u0105cych si\u0119 na Stronie internetowej. Administrator zastrzega sobie prawo do niezamieszczania komentarzy o charakterze spamu, obra\u017aliwych, zawieraj\u0105cych wulgarne lub obra\u017aliwe zwroty, tre\u015bci niezgodne z prawem lub zawieraj\u0105ce jakiekolwiek linki do innych stron.<\/span><\/p>\n<p><span style=\"font-weight: 400;\">Ponadto przekazywane przez Ciebie dane osobowe mog\u0105 by\u0107 przetwarzane w nast\u0119puj\u0105cych celach:<\/span><\/p>\n<ul>\n<li style=\"font-weight: 400;\" aria-level=\"1\"><span style=\"font-weight: 400;\">ustalenia, dochodzenia lub obrony przed roszczeniami;<\/span><\/li>\n<li style=\"font-weight: 400;\" aria-level=\"1\"><span style=\"font-weight: 400;\">tworzenia rejestr\u00f3w i ewidencji zwi\u0105zanych z RODO;<\/span><\/li>\n<li style=\"font-weight: 400;\" aria-level=\"1\"><span style=\"font-weight: 400;\">archiwalnym i dowodowym, na potrzeby zabezpieczenia informacji, kt\u00f3re mog\u0105 s\u0142u\u017cy\u0107 wykazywaniu fakt\u00f3w;<\/span><\/li>\n<li style=\"font-weight: 400;\" aria-level=\"1\"><span style=\"font-weight: 400;\">badania satysfakcji z oferowanych us\u0142ug;<\/span><\/li>\n<li style=\"font-weight: 400;\" aria-level=\"1\"><span style=\"font-weight: 400;\">kontaktu w celu przedstawienia oferty i marketingu bezpo\u015bredniego.<\/span><\/li>\n<\/ul>\n<p><span style=\"font-weight: 400;\">Dane U\u017cytkownika b\u0119d\u0105 przechowywane przez Administratora przez czas realizacji poszczeg\u00f3lnych cel\u00f3w oraz:<\/span><\/p>\n<ul>\n<li style=\"font-weight: 400;\" aria-level=\"1\"><span style=\"font-weight: 400;\">przez okres przedawnienia roszcze\u0144 zgodnie z przepisami Kodeksu post\u0119powania cywilnego;<\/span><\/li>\n<li style=\"font-weight: 400;\" aria-level=\"1\"><span style=\"font-weight: 400;\">do czasu skutecznego wniesienia sprzeciwu \u2014 w odniesieniu do danych osobowych przetwarzanych na podstawie prawnie uzasadnionego interesu administratora lub do cel\u00f3w marketingowych;<\/span><\/li>\n<li style=\"font-weight: 400;\" aria-level=\"1\"><span style=\"font-weight: 400;\">do czasu cofni\u0119cia zgody lub osi\u0105gni\u0119cia celu przetwarzania \u2014 w odniesieniu do danych osobowych przetwarzanych na podstawie zgody;<\/span><\/li>\n<li style=\"font-weight: 400;\" aria-level=\"1\"><span style=\"font-weight: 400;\">do czasu zdezaktualizowania si\u0119 lub utraty przydatno\u015bci \u2014 w odniesieniu do danych osobowych przetwarzanych g\u0142\u00f3wnie do cel\u00f3w analitycznych, statystycznych, wykorzystania cookies i administrowania Stron\u0105 internetow\u0105.<\/span><\/li>\n<\/ul>\n<p><b>Profilowanie<\/b><\/p>\n<p><span style=\"font-weight: 400;\">W celu stworzenia Twojego profilu dla cel\u00f3w marketingowych oraz kierowania do Ciebie marketingu bezpo\u015bredniego (np. reklam w serwisie spo\u0142eczno\u015bciowym Facebook) dostosowanego do Twoich preferencji, Administrator mo\u017ce przetwarza\u0107 Twoje dane osobowe w spos\u00f3b zautomatyzowany, w tym tak\u017ce je profilowa\u0107 \u2013 nie b\u0119dzie to jednak wywo\u0142ywa\u0107 wobec Ciebie \u017cadnych skutk\u00f3w prawnych ani w podobny spos\u00f3b istotnie wp\u0142ywa\u0107 na Twoj\u0105 sytuacj\u0119.<\/span><\/p>\n<p><span style=\"font-weight: 400;\">Zakres profilowanych danych osobowych odpowiada zakresowi wskazanemu powy\u017cej w odniesieniu do analizy Twojej aktywno\u015bci na Stronie internetowej.<\/span><\/p>\n<p><span style=\"font-weight: 400;\">Podstaw\u0105 prawn\u0105 przetwarzania danych osobowych w powy\u017cszym celu jest art. 6 ust. 1 lit. f RODO, zgodnie z kt\u00f3rym Administrator mo\u017ce przetwarza\u0107 dane osobowe w celu realizacji swojego prawnie uzasadnionego interesu, w tym przypadku prowadzenia dzia\u0142a\u0144 marketingowych dopasowanych do preferencji odbiorc\u00f3w.\u00a0<\/span><\/p>\n<p><span style=\"font-weight: 400;\">Administrator b\u0119dzie przetwarza\u0142 dane osobowe w celu ich profilowania do czasu skutecznego wniesienia sprzeciwu lub osi\u0105gni\u0119cia celu przetwarzania.<\/span><\/p>\n<p><b>Odbiorcy danych osobowych<\/b><\/p>\n<p><span style=\"font-weight: 400;\">Twoje dane osobowe mog\u0105 by\u0107 przetwarzane przez podwykonawc\u00f3w Administratora, takich jak dostawca oprogramowania, dostawca p\u0142atno\u015bci, biuro ksi\u0119gowe, hostingodawca, podmiot zapewniaj\u0105cy us\u0142ugi marketingowe, podmiot zapewniaj\u0105cy us\u0142ugi statystyczne. Wszystkie podmioty, kt\u00f3rym Administrator powierza przetwarzanie danych osobowych gwarantuj\u0105 stosowanie odpowiednich \u015brodk\u00f3w ochrony i bezpiecze\u0144stwa danych osobowych wymaganych przez przepisy prawa.<\/span><\/p>\n<p><span style=\"font-weight: 400;\">Twoje dane osobowe mog\u0105 by\u0107 przekazywane uprawnionym organom pa\u0144stwowym w zwi\u0105zku z prowadzonymi przez nie post\u0119powaniami, na ich \u017c\u0105danie i po spe\u0142nieniu przes\u0142anek potwierdzaj\u0105cych niezb\u0119dno\u015b\u0107 pozyskania tych danych.<\/span><\/p>\n<p><span style=\"font-weight: 400;\">Na Stronie internetowej mog\u0105 pojawia\u0107 si\u0119 linki odsy\u0142aj\u0105ce do innych stron internetowych. B\u0119d\u0105 one otwiera\u0107 si\u0119 w nowym oknie przegl\u0105darki lub w tym samym oknie. Administrator nie odpowiada za tre\u015bci przekazywane przez te strony. U\u017cytkownik zobowi\u0105zany jest do zapoznania si\u0119 z polityk\u0105 prywatno\u015bci lub regulaminem tych stron.<\/span><\/p>\n<p><b>Przekazywanie danych osobowych do pa\u0144stwa trzeciego<\/b><\/p>\n<p><span style=\"font-weight: 400;\">Z uwagi na korzystanie z us\u0142ug np. Google oraz Facebook Twoje dane osobowe mog\u0105 by\u0107 przekazywane do Stan\u00f3w Zjednoczonych Ameryki (USA) w zwi\u0105zku z ich przechowywaniem na ameryka\u0144skich serwerach (w ca\u0142o\u015bci lub cz\u0119\u015bciowo). Google i Facebook stosuj\u0105 mechanizmy zgodno\u015bci przewidziane przez RODO (np. certyfikaty) lub standardowe klauzule umowne.\u00a0\u00a0<\/span><\/p>\n<p><span style=\"font-weight: 400;\">Szczeg\u00f3\u0142owe informacje dost\u0119pne s\u0105 w tre\u015bci polityki prywatno\u015bci ka\u017cdego z dostawc\u00f3w tych us\u0142ug, dost\u0119pnych na ich stronach internetowych. Przyk\u0142adowo:<\/span><\/p>\n<p><span style=\"font-weight: 400;\">https:\/\/policies.google.com\/privacy?hl=pl<\/span><\/p>\n<p><span style=\"font-weight: 400;\">https:\/\/www.facebook.com\/privacy\/explanation<\/span><\/p>\n<p><b>Uprawnienia<\/b><\/p>\n<p><span style=\"font-weight: 400;\">RODO przyznaje Ci nast\u0119puj\u0105ce potencjalne uprawnienia zwi\u0105zane z przetwarzaniem Twoich danych osobowych:<\/span><\/p>\n<ul>\n<li style=\"font-weight: 400;\" aria-level=\"1\"><span style=\"font-weight: 400;\">prawo dost\u0119pu do danych osobowych,<\/span><\/li>\n<li style=\"font-weight: 400;\" aria-level=\"1\"><span style=\"font-weight: 400;\">prawo do sprostowania danych osobowych,<\/span><\/li>\n<li style=\"font-weight: 400;\" aria-level=\"1\"><span style=\"font-weight: 400;\">prawo do usuni\u0119cia danych osobowych,<\/span><\/li>\n<li style=\"font-weight: 400;\" aria-level=\"1\"><span style=\"font-weight: 400;\">prawo do ograniczenia przetwarzania danych osobowych,<\/span><\/li>\n<li style=\"font-weight: 400;\" aria-level=\"1\"><span style=\"font-weight: 400;\">prawo do wniesienia sprzeciwu co do przetwarzania danych osobowych,<\/span><\/li>\n<li style=\"font-weight: 400;\" aria-level=\"1\"><span style=\"font-weight: 400;\">prawo do przenoszenia danych,<\/span><\/li>\n<li style=\"font-weight: 400;\" aria-level=\"1\"><span style=\"font-weight: 400;\">prawo do odwo\u0142ania zgody na przetwarzanie danych osobowych, je\u017celi takow\u0105 zgod\u0119 wyrazi\u0142e\u015b.<\/span><\/li>\n<\/ul>\n<p><span style=\"font-weight: 400;\">Masz tak\u017ce prawo wniesienia skargi do Prezesa Urz\u0119du Ochrony Danych Osobowych, gdy uznasz, \u017ce przetwarzanie danych osobowych narusza przepisy RODO.<\/span><\/p>\n<p><b>Pliki cookies<\/b><\/p>\n<p><span style=\"font-weight: 400;\">Administrator informuje, \u017ce Strona internetowa korzysta z plik\u00f3w \u201ecookies\u201d (ciasteczka), instalowanych w Twoim urz\u0105dzeniu ko\u0144cowym.<\/span><\/p>\n<p><span style=\"font-weight: 400;\">Administrator wykorzystuje pliki cookies w celu zapewnienia prawid\u0142owego funkcjonowania Strony internetowej, a tak\u017ce w celach statystycznych i marketingowych. Dane zbierane za pomoc\u0105 plik\u00f3w cookies nie pozwalaj\u0105 Administratorowi na Twoj\u0105 identyfikacj\u0119.<\/span><\/p>\n<p><span style=\"font-weight: 400;\">Administrator mo\u017ce umieszcza\u0107 w Twoim urz\u0105dzeniu zar\u00f3wno pliki trwa\u0142e, jak i tymczasowe. Pliki tymczasowe s\u0105 zazwyczaj usuwane z chwil\u0105 zamkni\u0119cia przegl\u0105darki, natomiast zamkni\u0119cie przegl\u0105darki nie powoduje usuni\u0119cia plik\u00f3w trwa\u0142ych.<\/span><\/p>\n<p><span style=\"font-weight: 400;\">Pliki cookies mo\u017cna podzieli\u0107 na w\u0142asne oraz pochodz\u0105ce od podmiot\u00f3w trzecich. Pliki cookies w\u0142asne to przede wszystkim niezb\u0119dne pliki cookies Strony internetowej, kt\u00f3re umo\u017cliwiaj\u0105 prawid\u0142owe i bezpieczne funkcjonowanie Strony internetowej (s\u0142u\u017c\u0105 one m.in. do dopasowania uk\u0142adu strony internetowej do ekranu urz\u0105dzenia), w zwi\u0105zku z czym ich wy\u0142\u0105czenie nie jest mo\u017cliwe (dzia\u0142anie tych plik\u00f3w jest warunkiem korzystania ze Strony internetowej).<\/span><\/p>\n<p><span style=\"font-weight: 400;\">W zwi\u0105zku z tym, \u017ce Administrator wy\u015bwietla na Stronie internetowej tre\u015bci pochodz\u0105ce z serwis\u00f3w spo\u0142eczno\u015bciowych, takich jak Facebook, oraz korzysta z narz\u0119dzi marketingowych dost\u0119pnych w ramach serwisu Facebook, na Stronie internetowej s\u0105 wykorzystywane pliki cookies Facebooka.<\/span><\/p>\n<p><span style=\"font-weight: 400;\">Administrator korzysta tak\u017ce z narz\u0119dzi analitycznych, takich jak Google Analytics, kt\u00f3re zbieraj\u0105 anonimowe informacje na temat Twoich odwiedzin strony, takie jak podstrony, kt\u00f3re wy\u015bwietli\u0142e\u015b, czas, jaki sp\u0119dzi\u0142e\u015b na stronie czy przej\u015bcia pomi\u0119dzy poszczeg\u00f3lnymi podstronami. W tym celu wykorzystywane s\u0105 pliki cookies Google dotycz\u0105ce us\u0142ugi Google Analytics.<\/span><\/p>\n<p><span style=\"font-weight: 400;\">Podczas pierwszej wizyty na Stronie internetowej wy\u015bwietlana jest informacja na temat stosowania plik\u00f3w cookies. Zaakceptowanie i zamkni\u0119cie tej informacji oznacza, \u017ce wyra\u017casz zgod\u0119 na wykorzystywanie plik\u00f3w cookies zgodnie z postanowieniami niniejszej Polityki. Zgod\u0119 zawsze mo\u017cesz wycofa\u0107, usuwaj\u0105c pliki cookies oraz zmieniaj\u0105c ustawienia plik\u00f3w cookies w Twojej przegl\u0105darce. Pami\u0119taj jednak, \u017ce wy\u0142\u0105czenie plik\u00f3w cookies mo\u017ce powodowa\u0107 trudno\u015bci w korzystaniu ze Strony internetowej.<\/span><\/p>\n<p><span style=\"font-weight: 400;\">Polityka obowi\u0105zuje od dnia 25.08.2024<\/span><\/p>","protected":false},"excerpt":{"rendered":"<p>POLITYKA PRYWATNO\u015aCI I COOKIES Niniejsza Polityka prywatno\u015bci i cookies (\u201ePolityka\u201d) zawiera informacje dotycz\u0105ce przetwarzania danych osobowych os\u00f3b korzystaj\u0105cych z us\u0142ug \u015bwiadczonych przez Aleksandra Brycha\u00a0(\u201eAdministrator\u201d) w ramach strony internetowej znajduj\u0105cej si\u0119 pod adresem: aleksanderbrych.com (\u201eStrona internetowa\u201d). Korzystanie ze Strony internetowej oznacza akceptacj\u0119 poni\u017cszych warunk\u00f3w Polityki. Administrator stosuje odpowiednie zabezpieczenia organizacyjne i techniczne, aby zapewni\u0107 jak najlepsz\u0105 [&hellip;]<\/p>","protected":false},"author":1,"featured_media":0,"parent":0,"menu_order":0,"comment_status":"closed","ping_status":"closed","template":"","meta":{"ocean_post_layout":"","ocean_both_sidebars_style":"","ocean_both_sidebars_content_width":0,"ocean_both_sidebars_sidebars_width":0,"ocean_sidebar":"0","ocean_second_sidebar":"0","ocean_disable_margins":"enable","ocean_add_body_class":"","ocean_shortcode_before_top_bar":"","ocean_shortcode_after_top_bar":"","ocean_shortcode_before_header":"","ocean_shortcode_after_header":"","ocean_has_shortcode":"","ocean_shortcode_after_title":"","ocean_shortcode_before_footer_widgets":"","ocean_shortcode_after_footer_widgets":"","ocean_shortcode_before_footer_bottom":"","ocean_shortcode_after_footer_bottom":"","ocean_display_top_bar":"default","ocean_display_header":"default","ocean_header_style":"","ocean_center_header_left_menu":"0","ocean_custom_header_template":"0","ocean_custom_logo":0,"ocean_custom_retina_logo":0,"ocean_custom_logo_max_width":0,"ocean_custom_logo_tablet_max_width":0,"ocean_custom_logo_mobile_max_width":0,"ocean_custom_logo_max_height":0,"ocean_custom_logo_tablet_max_height":0,"ocean_custom_logo_mobile_max_height":0,"ocean_header_custom_menu":"0","ocean_menu_typo_font_family":"0","ocean_menu_typo_font_subset":"","ocean_menu_typo_font_size":0,"ocean_menu_typo_font_size_tablet":0,"ocean_menu_typo_font_size_mobile":0,"ocean_menu_typo_font_size_unit":"px","ocean_menu_typo_font_weight":"","ocean_menu_typo_font_weight_tablet":"","ocean_menu_typo_font_weight_mobile":"","ocean_menu_typo_transform":"","ocean_menu_typo_transform_tablet":"","ocean_menu_typo_transform_mobile":"","ocean_menu_typo_line_height":0,"ocean_menu_typo_line_height_tablet":0,"ocean_menu_typo_line_height_mobile":0,"ocean_menu_typo_line_height_unit":"","ocean_menu_typo_spacing":0,"ocean_menu_typo_spacing_tablet":0,"ocean_menu_typo_spacing_mobile":0,"ocean_menu_typo_spacing_unit":"","ocean_menu_link_color":"","ocean_menu_link_color_hover":"","ocean_menu_link_color_active":"","ocean_menu_link_background":"","ocean_menu_link_hover_background":"","ocean_menu_link_active_background":"","ocean_menu_social_links_bg":"","ocean_menu_social_hover_links_bg":"","ocean_menu_social_links_color":"","ocean_menu_social_hover_links_color":"","ocean_disable_title":"default","ocean_disable_heading":"default","ocean_post_title":"","ocean_post_subheading":"","ocean_post_title_style":"","ocean_post_title_background_color":"","ocean_post_title_background":0,"ocean_post_title_bg_image_position":"","ocean_post_title_bg_image_attachment":"","ocean_post_title_bg_image_repeat":"","ocean_post_title_bg_image_size":"","ocean_post_title_height":0,"ocean_post_title_bg_overlay":0.5,"ocean_post_title_bg_overlay_color":"","ocean_disable_breadcrumbs":"default","ocean_breadcrumbs_color":"","ocean_breadcrumbs_separator_color":"","ocean_breadcrumbs_links_color":"","ocean_breadcrumbs_links_hover_color":"","ocean_display_footer_widgets":"default","ocean_display_footer_bottom":"default","ocean_custom_footer_template":"0","footnotes":""},"class_list":["post-235","page","type-page","status-publish","hentry","entry","owp-thumbs-layout-horizontal","owp-btn-normal","owp-tabs-layout-horizontal","has-no-thumbnails"],"_links":{"self":[{"href":"https:\/\/aleksanderbrych.com\/en\/wp-json\/wp\/v2\/pages\/235","targetHints":{"allow":["GET"]}}],"collection":[{"href":"https:\/\/aleksanderbrych.com\/en\/wp-json\/wp\/v2\/pages"}],"about":[{"href":"https:\/\/aleksanderbrych.com\/en\/wp-json\/wp\/v2\/types\/page"}],"author":[{"embeddable":true,"href":"https:\/\/aleksanderbrych.com\/en\/wp-json\/wp\/v2\/users\/1"}],"replies":[{"embeddable":true,"href":"https:\/\/aleksanderbrych.com\/en\/wp-json\/wp\/v2\/comments?post=235"}],"version-history":[{"count":6,"href":"https:\/\/aleksanderbrych.com\/en\/wp-json\/wp\/v2\/pages\/235\/revisions"}],"predecessor-version":[{"id":293,"href":"https:\/\/aleksanderbrych.com\/en\/wp-json\/wp\/v2\/pages\/235\/revisions\/293"}],"wp:attachment":[{"href":"https:\/\/aleksanderbrych.com\/en\/wp-json\/wp\/v2\/media?parent=235"}],"curies":[{"name":"wp","href":"https:\/\/api.w.org\/{rel}","templated":true}]}}